{"id":215,"date":"2025-04-22T01:29:49","date_gmt":"2025-04-22T01:29:49","guid":{"rendered":"https:\/\/www.thangmaythegioi.vn\/?page_id=215"},"modified":"2025-08-18T09:14:55","modified_gmt":"2025-08-18T09:14:55","slug":"co-khi-ho-thang","status":"publish","type":"page","link":"https:\/\/www.thangmaythegioi.vn\/index.php\/co-khi-ho-thang\/","title":{"rendered":"C\u01a1 kh\u00ed h\u1ed1 thang"},"content":{"rendered":"\t\t<div data-elementor-type=\"wp-page\" data-elementor-id=\"215\" class=\"elementor elementor-215\">\n\t\t\t\t<div class=\"elementor-element elementor-element-5c2360a e-flex e-con-boxed e-con e-parent\" data-id=\"5c2360a\" data-element_type=\"container\" data-settings=\"{&quot;background_background&quot;:&quot;classic&quot;}\">\n\t\t\t\t\t<div class=\"e-con-inner\">\n\t\t\t\t<div class=\"elementor-element elementor-element-34f32cd elementor-widget elementor-widget-image-carousel\" data-id=\"34f32cd\" data-element_type=\"widget\" data-settings=\"{&quot;slides_to_show&quot;:&quot;6&quot;,&quot;navigation&quot;:&quot;none&quot;,&quot;image_spacing_custom&quot;:{&quot;unit&quot;:&quot;px&quot;,&quot;size&quot;:70,&quot;sizes&quot;:[]},&quot;autoplay_speed&quot;:0,&quot;speed&quot;:1500,&quot;_animation&quot;:&quot;none&quot;,&quot;slides_to_show_mobile&quot;:&quot;2&quot;,&quot;autoplay&quot;:&quot;yes&quot;,&quot;pause_on_hover&quot;:&quot;yes&quot;,&quot;pause_on_interaction&quot;:&quot;yes&quot;,&quot;infinite&quot;:&quot;yes&quot;,&quot;image_spacing_custom_tablet&quot;:{&quot;unit&quot;:&quot;px&quot;,&quot;size&quot;:&quot;&quot;,&quot;sizes&quot;:[]},&quot;image_spacing_custom_mobile&quot;:{&quot;unit&quot;:&quot;px&quot;,&quot;size&quot;:&quot;&quot;,&quot;sizes&quot;:[]}}\" data-widget_type=\"image-carousel.default\">\n\t\t\t\t<div class=\"elementor-widget-container\">\n\t\t\t\t\t\t\t<div class=\"elementor-image-carousel-wrapper swiper\" role=\"region\" aria-roledescription=\"carousel\" aria-label=\"B\u0103ng chuy\u1ec1n h\u00ecnh \u1ea3nh\" dir=\"ltr\">\n\t\t\t<div class=\"elementor-image-carousel swiper-wrapper\" aria-live=\"off\">\n\t\t\t\t\t\t\t\t<div class=\"swiper-slide\" role=\"group\" aria-roledescription=\"slide\" aria-label=\"1 tr\u00ean 6\"><figure class=\"swiper-slide-inner\"><img decoding=\"async\" class=\"swiper-slide-image\" src=\"https:\/\/www.thangmaythegioi.vn\/wp-content\/uploads\/2025\/06\/matiz.png\" alt=\"matiz\" \/><\/figure><\/div><div class=\"swiper-slide\" role=\"group\" aria-roledescription=\"slide\" aria-label=\"2 tr\u00ean 6\"><figure class=\"swiper-slide-inner\"><img decoding=\"async\" class=\"swiper-slide-image\" src=\"https:\/\/www.thangmaythegioi.vn\/wp-content\/uploads\/2025\/06\/mistubishi.png\" alt=\"mistubishi\" \/><\/figure><\/div><div class=\"swiper-slide\" role=\"group\" aria-roledescription=\"slide\" aria-label=\"3 tr\u00ean 6\"><figure class=\"swiper-slide-inner\"><img decoding=\"async\" class=\"swiper-slide-image\" src=\"https:\/\/www.thangmaythegioi.vn\/wp-content\/uploads\/2025\/06\/mp.png\" alt=\"mp\" \/><\/figure><\/div><div class=\"swiper-slide\" role=\"group\" aria-roledescription=\"slide\" aria-label=\"4 tr\u00ean 6\"><figure class=\"swiper-slide-inner\"><img decoding=\"async\" class=\"swiper-slide-image\" src=\"https:\/\/www.thangmaythegioi.vn\/wp-content\/uploads\/2025\/06\/otis2.png\" alt=\"otis2\" \/><\/figure><\/div><div class=\"swiper-slide\" role=\"group\" aria-roledescription=\"slide\" aria-label=\"5 tr\u00ean 6\"><figure class=\"swiper-slide-inner\"><img decoding=\"async\" class=\"swiper-slide-image\" src=\"https:\/\/www.thangmaythegioi.vn\/wp-content\/uploads\/2025\/06\/schindler-1.png\" alt=\"schindler\" \/><\/figure><\/div><div class=\"swiper-slide\" role=\"group\" aria-roledescription=\"slide\" aria-label=\"6 tr\u00ean 6\"><figure class=\"swiper-slide-inner\"><img decoding=\"async\" class=\"swiper-slide-image\" src=\"https:\/\/www.thangmaythegioi.vn\/wp-content\/uploads\/2025\/06\/Layer-3-2.png\" alt=\"Layer 3\" \/><\/figure><\/div>\t\t\t<\/div>\n\t\t\t\t\t\t\t\n\t\t\t\t\t\t\t\t\t<\/div>\n\t\t\t\t\t\t<\/div>\n\t\t\t\t<\/div>\n\t\t\t\t\t<\/div>\n\t\t\t\t<\/div>\n\t\t<div class=\"elementor-element elementor-element-c61ae7c e-flex e-con-boxed e-con e-parent\" data-id=\"c61ae7c\" data-element_type=\"container\">\n\t\t\t\t\t<div class=\"e-con-inner\">\n\t\t<div class=\"elementor-element elementor-element-68c5097 e-con-full e-flex e-con e-child\" data-id=\"68c5097\" data-element_type=\"container\">\n\t\t\t\t<div class=\"elementor-element elementor-element-1aa3b76 elementor-widget elementor-widget-image\" data-id=\"1aa3b76\" data-element_type=\"widget\" data-widget_type=\"image.default\">\n\t\t\t\t<div class=\"elementor-widget-container\">\n\t\t\t\t\t\t\t\t\t\t\t\t\t\t\t\t<a href=\"https:\/\/www.thangmaythegioi.vn\/\">\n\t\t\t\t\t\t\t<img fetchpriority=\"high\" decoding=\"async\" width=\"1024\" height=\"544\" src=\"https:\/\/www.thangmaythegioi.vn\/wp-content\/uploads\/2025\/06\/Logo-WE-Khong-khoang-trong.png\" class=\"attachment-large size-large wp-image-503\" alt=\"\" \/>\t\t\t\t\t\t\t\t<\/a>\n\t\t\t\t\t\t\t\t\t\t\t\t\t\t\t<\/div>\n\t\t\t\t<\/div>\n\t\t\t\t<div class=\"elementor-element elementor-element-6908c43 elementor-widget elementor-widget-text-editor\" data-id=\"6908c43\" data-element_type=\"widget\" data-widget_type=\"text-editor.default\">\n\t\t\t\t<div class=\"elementor-widget-container\">\n\t\t\t\t\t\t\t\t\t<p>WorldElevator &#8211; Ng\u01b0\u1eddi b\u1ea1n c\u1ee7a nh\u1eefng c\u00f4ng tr\u00ecnh. M\u1ed7i s\u1ea3n ph\u1ea9m thang m\u00e1y \u0111\u1ec1u \u0111\u1ebfn k\u00e8m cam k\u1ebft v\u1ec1 tr\u1ea3i nghi\u1ec7m kh\u00e1ch h\u00e0ng \u01b0u vi\u1ec7t v\u00e0 b\u1ea3o h\u00e0nh \u0111\u00e1ng tin c\u1eady. H\u00e3y \u0111\u1ec3 WorldElevator n\u00e2ng cao ch\u1ea5t l\u01b0\u1ee3ng \u0111\u1eddi s\u1ed1ng c\u1ee7a b\u1ea1n!<\/p>\t\t\t\t\t\t\t\t<\/div>\n\t\t\t\t<\/div>\n\t\t\t\t<\/div>\n\t\t<div class=\"elementor-element elementor-element-9bb93bd e-con-full e-flex e-con e-child\" data-id=\"9bb93bd\" data-element_type=\"container\">\n\t\t\t\t<div class=\"elementor-element elementor-element-30d8b58 elementor-widget elementor-widget-heading\" data-id=\"30d8b58\" data-element_type=\"widget\" data-widget_type=\"heading.default\">\n\t\t\t\t<div class=\"elementor-widget-container\">\n\t\t\t\t\t<h4 class=\"elementor-heading-title elementor-size-default\">TH\u00d4NG TIN LI\u00caN H\u1ec6<\/h4>\t\t\t\t<\/div>\n\t\t\t\t<\/div>\n\t\t\t\t<div class=\"elementor-element elementor-element-2c61f50 elementor-widget elementor-widget-heading\" data-id=\"2c61f50\" data-element_type=\"widget\" data-widget_type=\"heading.default\">\n\t\t\t\t<div class=\"elementor-widget-container\">\n\t\t\t\t\t<span class=\"elementor-heading-title elementor-size-default\">Tr\u1ee5 s\u1edf ch\u00ednh: 85 Nguy\u1ec5n Xu\u00e2n \u00d4n, P. H\u00f2a C\u01b0\u1eddng, TP. \u0110\u00e0 N\u1eb5ng<\/span>\t\t\t\t<\/div>\n\t\t\t\t<\/div>\n\t\t\t\t<div class=\"elementor-element elementor-element-725fdad elementor-widget elementor-widget-heading\" data-id=\"725fdad\" data-element_type=\"widget\" data-widget_type=\"heading.default\">\n\t\t\t\t<div class=\"elementor-widget-container\">\n\t\t\t\t\t<span class=\"elementor-heading-title elementor-size-default\">Hotline\/Zalo: 0947 795 106\n<\/span>\t\t\t\t<\/div>\n\t\t\t\t<\/div>\n\t\t\t\t<div class=\"elementor-element elementor-element-e3d4757 elementor-widget elementor-widget-heading\" data-id=\"e3d4757\" data-element_type=\"widget\" data-widget_type=\"heading.default\">\n\t\t\t\t<div class=\"elementor-widget-container\">\n\t\t\t\t\t<span class=\"elementor-heading-title elementor-size-default\">\u0110i\u1ec7n Tho\u1ea1i: 0945 360 527<\/span>\t\t\t\t<\/div>\n\t\t\t\t<\/div>\n\t\t\t\t<div class=\"elementor-element elementor-element-ddc05e9 elementor-widget elementor-widget-heading\" data-id=\"ddc05e9\" data-element_type=\"widget\" data-widget_type=\"heading.default\">\n\t\t\t\t<div class=\"elementor-widget-container\">\n\t\t\t\t\t<span class=\"elementor-heading-title elementor-size-default\">Email: cskh@worldelevator.vn<\/span>\t\t\t\t<\/div>\n\t\t\t\t<\/div>\n\t\t\t\t<\/div>\n\t\t<div class=\"elementor-element elementor-element-49b684e e-con-full e-flex e-con e-child\" data-id=\"49b684e\" data-element_type=\"container\">\n\t\t\t\t<div class=\"elementor-element elementor-element-d278de8 elementor-widget elementor-widget-heading\" data-id=\"d278de8\" data-element_type=\"widget\" data-widget_type=\"heading.default\">\n\t\t\t\t<div class=\"elementor-widget-container\">\n\t\t\t\t\t<h4 class=\"elementor-heading-title elementor-size-default\">H\u1ed6 TR\u1ee2 KH\u00c1CH H\u00c0NG<\/h4>\t\t\t\t<\/div>\n\t\t\t\t<\/div>\n\t\t\t\t<div class=\"elementor-element elementor-element-c3285eb elementor-widget elementor-widget-heading\" data-id=\"c3285eb\" data-element_type=\"widget\" data-widget_type=\"heading.default\">\n\t\t\t\t<div class=\"elementor-widget-container\">\n\t\t\t\t\t<span class=\"elementor-heading-title elementor-size-default\"><a href=\"https:\/\/www.thangmaythegioi.vn\/index.php\/ve-chung-toi\/\" target=\"_blank\">V\u1ec1 ch\u00fang t\u00f4i<\/a><\/span>\t\t\t\t<\/div>\n\t\t\t\t<\/div>\n\t\t\t\t<div class=\"elementor-element elementor-element-eadfedf elementor-widget elementor-widget-heading\" data-id=\"eadfedf\" data-element_type=\"widget\" data-widget_type=\"heading.default\">\n\t\t\t\t<div class=\"elementor-widget-container\">\n\t\t\t\t\t<span class=\"elementor-heading-title elementor-size-default\"><a href=\"https:\/\/www.thangmaythegioi.vn\/index.php\/dich-vu\/\">D\u1ecbch v\u1ee5<\/a><\/span>\t\t\t\t<\/div>\n\t\t\t\t<\/div>\n\t\t\t\t<div class=\"elementor-element elementor-element-ea31578 elementor-widget elementor-widget-heading\" data-id=\"ea31578\" data-element_type=\"widget\" data-widget_type=\"heading.default\">\n\t\t\t\t<div class=\"elementor-widget-container\">\n\t\t\t\t\t<span class=\"elementor-heading-title elementor-size-default\"><a href=\"https:\/\/www.thangmaythegioi.vn\/index.php\/san-pham\/\">S\u1ea3n ph\u1ea9m<\/a><\/span>\t\t\t\t<\/div>\n\t\t\t\t<\/div>\n\t\t\t\t<div class=\"elementor-element elementor-element-6746cac elementor-widget elementor-widget-heading\" data-id=\"6746cac\" data-element_type=\"widget\" data-widget_type=\"heading.default\">\n\t\t\t\t<div class=\"elementor-widget-container\">\n\t\t\t\t\t<span class=\"elementor-heading-title elementor-size-default\"><a href=\"https:\/\/www.thangmaythegioi.vn\/index.php\/tuyen-dung\/\">Tuy\u1ec3n d\u1ee5ng<\/a><\/span>\t\t\t\t<\/div>\n\t\t\t\t<\/div>\n\t\t\t\t<\/div>\n\t\t<div class=\"elementor-element elementor-element-f1ce38f e-con-full e-flex e-con e-child\" data-id=\"f1ce38f\" data-element_type=\"container\">\n\t\t\t\t<div class=\"elementor-element elementor-element-8f587e3 elementor-widget elementor-widget-google_maps\" data-id=\"8f587e3\" data-element_type=\"widget\" data-widget_type=\"google_maps.default\">\n\t\t\t\t<div class=\"elementor-widget-container\">\n\t\t\t\t\t\t\t<div class=\"elementor-custom-embed\">\n\t\t\t<iframe loading=\"lazy\"\n\t\t\t\t\tsrc=\"https:\/\/maps.google.com\/maps?q=85%20Nguy%E1%BB%85n%20Xu%C3%A2n%20%C3%94n%2C%20Ho%C3%A0%20C%C6%B0%E1%BB%9Dng%20B%E1%BA%AFc%2C%20H%E1%BA%A3i%20Ch%C3%A2u%2C%20%C4%90%C3%A0%20N%E1%BA%B5ng%20550000%2C%20Vi%E1%BB%87t%20Nam&#038;t=m&#038;z=10&#038;output=embed&#038;iwloc=near\"\n\t\t\t\t\ttitle=\"85 Nguy\u1ec5n Xu\u00e2n \u00d4n, Ho\u00e0 C\u01b0\u1eddng B\u1eafc, H\u1ea3i Ch\u00e2u, \u0110\u00e0 N\u1eb5ng 550000, Vi\u1ec7t Nam\"\n\t\t\t\t\taria-label=\"85 Nguy\u1ec5n Xu\u00e2n \u00d4n, Ho\u00e0 C\u01b0\u1eddng B\u1eafc, H\u1ea3i Ch\u00e2u, \u0110\u00e0 N\u1eb5ng 550000, Vi\u1ec7t Nam\"\n\t\t\t><\/iframe>\n\t\t<\/div>\n\t\t\t\t\t\t<\/div>\n\t\t\t\t<\/div>\n\t\t\t\t<\/div>\n\t\t\t\t\t<\/div>\n\t\t\t\t<\/div>\n\t\t<div class=\"elementor-element elementor-element-fda6e49 e-flex e-con-boxed e-con e-parent\" data-id=\"fda6e49\" data-element_type=\"container\" data-settings=\"{&quot;background_background&quot;:&quot;classic&quot;}\">\n\t\t\t\t\t<div class=\"e-con-inner\">\n\t\t\t\t<div class=\"elementor-element elementor-element-cd4cb21 elementor-widget elementor-widget-heading\" data-id=\"cd4cb21\" data-element_type=\"widget\" data-widget_type=\"heading.default\">\n\t\t\t\t<div class=\"elementor-widget-container\">\n\t\t\t\t\t<h4 class=\"elementor-heading-title elementor-size-default\">Danh s\u00e1ch chi nh\u00e1nh c\u1ee7a WorldElevator<\/h4>\t\t\t\t<\/div>\n\t\t\t\t<\/div>\n\t\t\t\t\t<\/div>\n\t\t\t\t<\/div>\n\t\t<div class=\"elementor-element elementor-element-05b9448 e-flex e-con-boxed e-con e-parent\" data-id=\"05b9448\" data-element_type=\"container\" data-settings=\"{&quot;background_background&quot;:&quot;classic&quot;}\">\n\t\t\t\t\t<div class=\"e-con-inner\">\n\t\t\t\t<div class=\"elementor-element elementor-element-cf34188 elementor-widget elementor-widget-text-editor\" data-id=\"cf34188\" data-element_type=\"widget\" data-widget_type=\"text-editor.default\">\n\t\t\t\t<div class=\"elementor-widget-container\">\n\t\t\t\t\t\t\t\t\t<p><b>Chi nh\u00e1nh t\u1ea1i Qu\u1ea3ng Ninh:<\/b>\u00a0431 t\u1ed5 2 khu 9A, B\u00e3i Ch\u00e1y, TP. H\u1ea1 Long<\/p><p><b>Chi nh\u00e1nh t\u1ea1i H\u00e0 N\u1ed9i: <\/b>T\u1ea7ng 4 &#8211; T\u00f2a nh\u00e0 29T2 Ho\u00e0ng \u0110\u1ea1o Th\u00fay, Ph\u01b0\u1eddng Trung H\u00f2a, Qu\u1eadn C\u1ea7u Gi\u1ea5y<\/p><p><b>Chi nh\u00e1nh t\u1ea1i Vinh:<\/b> 210 Th\u0103ng Long, TP. Vinh, T\u1ec9nh Ngh\u1ec7 An<\/p><p><b>Chi nh\u00e1nh t\u1ea1i Qu\u1ea3ng Tr\u1ecb:<\/b> 63 Nguy\u1ec5n C\u00f4ng Tr\u1ee9, P. \u0110\u1ed3ng H\u1edbi<\/p><p><b>Chi nh\u00e1nh T\u1ea1i Gia Lai:<\/b> 38 An D\u01b0\u01a1ng V\u01b0\u01a1ng, TP. Quy Nh\u01a1n<\/p><p><b>Chi nh\u00e1nh t\u1ea1i Nha Trang:<\/b> 92\/5 B\u1ea1ch \u0110\u1eb1ng, P. L\u1ed9c Th\u1ecd, TP. Nha Trang, T\u1ec9nh Kh\u00e1nh H\u00f2a<\/p>\t\t\t\t\t\t\t\t<\/div>\n\t\t\t\t<\/div>\n\t\t\t\t\t<\/div>\n\t\t\t\t<\/div>\n\t\t<div class=\"elementor-element elementor-element-4f05e25 e-con-full e-flex e-con e-parent\" data-id=\"4f05e25\" data-element_type=\"container\" data-settings=\"{&quot;background_background&quot;:&quot;classic&quot;}\">\n\t\t\t\t<div class=\"elementor-element elementor-element-bf054ab elementor-widget elementor-widget-heading\" data-id=\"bf054ab\" data-element_type=\"widget\" data-widget_type=\"heading.default\">\n\t\t\t\t<div class=\"elementor-widget-container\">\n\t\t\t\t\t<p class=\"elementor-heading-title elementor-size-default\">Copyright \u00a9 2025 WorldElevator. Powered by C\u00f4ng ty TNHH Th\u01b0\u01a1ng M\u1ea1i D\u1ecbch V\u1ee5 &amp; \u0110\u1ea7u T\u01b0 Th\u1ebf Gi\u1edbi<\/p>\t\t\t\t<\/div>\n\t\t\t\t<\/div>\n\t\t\t\t<\/div>\n\t\t\t\t<\/div>\n\t\t","protected":false},"excerpt":{"rendered":"<p>WorldElevator &#8211; Ng\u01b0\u1eddi b\u1ea1n c\u1ee7a nh\u1eefng c\u00f4ng tr\u00ecnh. M\u1ed7i s\u1ea3n ph\u1ea9m thang m\u00e1y \u0111\u1ec1u \u0111\u1ebfn k\u00e8m cam k\u1ebft v\u1ec1 tr\u1ea3i [&hellip;]<\/p>\n","protected":false},"author":1,"featured_media":0,"parent":0,"menu_order":0,"comment_status":"closed","ping_status":"closed","template":"","meta":{"site-sidebar-layout":"no-sidebar","site-content-layout":"","ast-site-content-layout":"full-width-container","site-content-style":"default","site-sidebar-style":"default","ast-global-header-display":"","ast-banner-title-visibility":"","ast-main-header-display":"","ast-hfb-above-header-display":"","ast-hfb-below-header-display":"","ast-hfb-mobile-header-display":"","site-post-title":"disabled","ast-breadcrumbs-content":"","ast-featured-img":"disabled","footer-sml-layout":"","theme-transparent-header-meta":"","adv-header-id-meta":"","stick-header-meta":"","header-above-stick-meta":"","header-main-stick-meta":"","header-below-stick-meta":"","astra-migrate-meta-layouts":"default","ast-page-background-enabled":"default","ast-page-background-meta":{"desktop":{"background-color":"var(--ast-global-color-5)","background-image":"","background-repeat":"repeat","background-position":"center center","background-size":"auto","background-attachment":"scroll","background-type":"","background-media":"","overlay-type":"","overlay-color":"","overlay-opacity":"","overlay-gradient":""},"tablet":{"background-color":"","background-image":"","background-repeat":"repeat","background-position":"center center","background-size":"auto","background-attachment":"scroll","background-type":"","background-media":"","overlay-type":"","overlay-color":"","overlay-opacity":"","overlay-gradient":""},"mobile":{"background-color":"","background-image":"","background-repeat":"repeat","background-position":"center center","background-size":"auto","background-attachment":"scroll","background-type":"","background-media":"","overlay-type":"","overlay-color":"","overlay-opacity":"","overlay-gradient":""}},"ast-content-background-meta":{"desktop":{"background-color":"var(--ast-global-color-4)","background-image":"","background-repeat":"repeat","background-position":"center center","background-size":"auto","background-attachment":"scroll","background-type":"","background-media":"","overlay-type":"","overlay-color":"","overlay-opacity":"","overlay-gradient":""},"tablet":{"background-color":"var(--ast-global-color-4)","background-image":"","background-repeat":"repeat","background-position":"center center","background-size":"auto","background-attachment":"scroll","background-type":"","background-media":"","overlay-type":"","overlay-color":"","overlay-opacity":"","overlay-gradient":""},"mobile":{"background-color":"var(--ast-global-color-4)","background-image":"","background-repeat":"repeat","background-position":"center center","background-size":"auto","background-attachment":"scroll","background-type":"","background-media":"","overlay-type":"","overlay-color":"","overlay-opacity":"","overlay-gradient":""}},"footnotes":""},"class_list":["post-215","page","type-page","status-publish","hentry"],"yoast_head":"<!-- This site is optimized with the Yoast SEO plugin v24.9 - https:\/\/yoast.com\/wordpress\/plugins\/seo\/ -->\n<title>C\u01a1 kh\u00ed h\u1ed1 thang -<\/title>\n<meta name=\"robots\" content=\"index, follow, max-snippet:-1, max-image-preview:large, max-video-preview:-1\" \/>\n<link rel=\"canonical\" href=\"https:\/\/www.thangmaythegioi.vn\/index.php\/co-khi-ho-thang\/\" \/>\n<meta property=\"og:locale\" content=\"vi_VN\" \/>\n<meta property=\"og:type\" content=\"article\" \/>\n<meta property=\"og:title\" content=\"C\u01a1 kh\u00ed h\u1ed1 thang -\" \/>\n<meta property=\"og:description\" content=\"WorldElevator &#8211; Ng\u01b0\u1eddi b\u1ea1n c\u1ee7a nh\u1eefng c\u00f4ng tr\u00ecnh. M\u1ed7i s\u1ea3n ph\u1ea9m thang m\u00e1y \u0111\u1ec1u \u0111\u1ebfn k\u00e8m cam k\u1ebft v\u1ec1 tr\u1ea3i [&hellip;]\" \/>\n<meta property=\"og:url\" content=\"https:\/\/www.thangmaythegioi.vn\/index.php\/co-khi-ho-thang\/\" \/>\n<meta property=\"article:modified_time\" content=\"2025-08-18T09:14:55+00:00\" \/>\n<meta property=\"og:image\" content=\"https:\/\/www.thangmaythegioi.vn\/wp-content\/uploads\/2025\/06\/matiz.png\" \/>\n<meta name=\"twitter:card\" content=\"summary_large_image\" \/>\n<meta name=\"twitter:label1\" content=\"\u01af\u1edbc t\u00ednh th\u1eddi gian \u0111\u1ecdc\" \/>\n\t<meta name=\"twitter:data1\" content=\"5 ph\u00fat\" \/>\n<script type=\"application\/ld+json\" class=\"yoast-schema-graph\">{\"@context\":\"https:\/\/schema.org\",\"@graph\":[{\"@type\":\"WebPage\",\"@id\":\"https:\/\/www.thangmaythegioi.vn\/index.php\/co-khi-ho-thang\/\",\"url\":\"https:\/\/www.thangmaythegioi.vn\/index.php\/co-khi-ho-thang\/\",\"name\":\"C\u01a1 kh\u00ed h\u1ed1 thang -\",\"isPartOf\":{\"@id\":\"https:\/\/www.thangmaythegioi.vn\/#website\"},\"primaryImageOfPage\":{\"@id\":\"https:\/\/www.thangmaythegioi.vn\/index.php\/co-khi-ho-thang\/#primaryimage\"},\"image\":{\"@id\":\"https:\/\/www.thangmaythegioi.vn\/index.php\/co-khi-ho-thang\/#primaryimage\"},\"thumbnailUrl\":\"https:\/\/www.thangmaythegioi.vn\/wp-content\/uploads\/2025\/06\/matiz.png\",\"datePublished\":\"2025-04-22T01:29:49+00:00\",\"dateModified\":\"2025-08-18T09:14:55+00:00\",\"breadcrumb\":{\"@id\":\"https:\/\/www.thangmaythegioi.vn\/index.php\/co-khi-ho-thang\/#breadcrumb\"},\"inLanguage\":\"vi\",\"potentialAction\":[{\"@type\":\"ReadAction\",\"target\":[\"https:\/\/www.thangmaythegioi.vn\/index.php\/co-khi-ho-thang\/\"]}]},{\"@type\":\"ImageObject\",\"inLanguage\":\"vi\",\"@id\":\"https:\/\/www.thangmaythegioi.vn\/index.php\/co-khi-ho-thang\/#primaryimage\",\"url\":\"https:\/\/www.thangmaythegioi.vn\/wp-content\/uploads\/2025\/06\/matiz.png\",\"contentUrl\":\"https:\/\/www.thangmaythegioi.vn\/wp-content\/uploads\/2025\/06\/matiz.png\",\"width\":374,\"height\":120},{\"@type\":\"BreadcrumbList\",\"@id\":\"https:\/\/www.thangmaythegioi.vn\/index.php\/co-khi-ho-thang\/#breadcrumb\",\"itemListElement\":[{\"@type\":\"ListItem\",\"position\":1,\"name\":\"Trang ch\u1ee7\",\"item\":\"https:\/\/www.thangmaythegioi.vn\/\"},{\"@type\":\"ListItem\",\"position\":2,\"name\":\"C\u01a1 kh\u00ed h\u1ed1 thang\"}]},{\"@type\":\"WebSite\",\"@id\":\"https:\/\/www.thangmaythegioi.vn\/#website\",\"url\":\"https:\/\/www.thangmaythegioi.vn\/\",\"name\":\"\",\"description\":\"\",\"potentialAction\":[{\"@type\":\"SearchAction\",\"target\":{\"@type\":\"EntryPoint\",\"urlTemplate\":\"https:\/\/www.thangmaythegioi.vn\/?s={search_term_string}\"},\"query-input\":{\"@type\":\"PropertyValueSpecification\",\"valueRequired\":true,\"valueName\":\"search_term_string\"}}],\"inLanguage\":\"vi\"}]}<\/script>\n<!-- \/ Yoast SEO plugin. -->","yoast_head_json":{"title":"C\u01a1 kh\u00ed h\u1ed1 thang -","robots":{"index":"index","follow":"follow","max-snippet":"max-snippet:-1","max-image-preview":"max-image-preview:large","max-video-preview":"max-video-preview:-1"},"canonical":"https:\/\/www.thangmaythegioi.vn\/index.php\/co-khi-ho-thang\/","og_locale":"vi_VN","og_type":"article","og_title":"C\u01a1 kh\u00ed h\u1ed1 thang -","og_description":"WorldElevator &#8211; Ng\u01b0\u1eddi b\u1ea1n c\u1ee7a nh\u1eefng c\u00f4ng tr\u00ecnh. M\u1ed7i s\u1ea3n ph\u1ea9m thang m\u00e1y \u0111\u1ec1u \u0111\u1ebfn k\u00e8m cam k\u1ebft v\u1ec1 tr\u1ea3i [&hellip;]","og_url":"https:\/\/www.thangmaythegioi.vn\/index.php\/co-khi-ho-thang\/","article_modified_time":"2025-08-18T09:14:55+00:00","og_image":[{"url":"https:\/\/www.thangmaythegioi.vn\/wp-content\/uploads\/2025\/06\/matiz.png","type":"","width":"","height":""}],"twitter_card":"summary_large_image","twitter_misc":{"\u01af\u1edbc t\u00ednh th\u1eddi gian \u0111\u1ecdc":"5 ph\u00fat"},"schema":{"@context":"https:\/\/schema.org","@graph":[{"@type":"WebPage","@id":"https:\/\/www.thangmaythegioi.vn\/index.php\/co-khi-ho-thang\/","url":"https:\/\/www.thangmaythegioi.vn\/index.php\/co-khi-ho-thang\/","name":"C\u01a1 kh\u00ed h\u1ed1 thang -","isPartOf":{"@id":"https:\/\/www.thangmaythegioi.vn\/#website"},"primaryImageOfPage":{"@id":"https:\/\/www.thangmaythegioi.vn\/index.php\/co-khi-ho-thang\/#primaryimage"},"image":{"@id":"https:\/\/www.thangmaythegioi.vn\/index.php\/co-khi-ho-thang\/#primaryimage"},"thumbnailUrl":"https:\/\/www.thangmaythegioi.vn\/wp-content\/uploads\/2025\/06\/matiz.png","datePublished":"2025-04-22T01:29:49+00:00","dateModified":"2025-08-18T09:14:55+00:00","breadcrumb":{"@id":"https:\/\/www.thangmaythegioi.vn\/index.php\/co-khi-ho-thang\/#breadcrumb"},"inLanguage":"vi","potentialAction":[{"@type":"ReadAction","target":["https:\/\/www.thangmaythegioi.vn\/index.php\/co-khi-ho-thang\/"]}]},{"@type":"ImageObject","inLanguage":"vi","@id":"https:\/\/www.thangmaythegioi.vn\/index.php\/co-khi-ho-thang\/#primaryimage","url":"https:\/\/www.thangmaythegioi.vn\/wp-content\/uploads\/2025\/06\/matiz.png","contentUrl":"https:\/\/www.thangmaythegioi.vn\/wp-content\/uploads\/2025\/06\/matiz.png","width":374,"height":120},{"@type":"BreadcrumbList","@id":"https:\/\/www.thangmaythegioi.vn\/index.php\/co-khi-ho-thang\/#breadcrumb","itemListElement":[{"@type":"ListItem","position":1,"name":"Trang ch\u1ee7","item":"https:\/\/www.thangmaythegioi.vn\/"},{"@type":"ListItem","position":2,"name":"C\u01a1 kh\u00ed h\u1ed1 thang"}]},{"@type":"WebSite","@id":"https:\/\/www.thangmaythegioi.vn\/#website","url":"https:\/\/www.thangmaythegioi.vn\/","name":"","description":"","potentialAction":[{"@type":"SearchAction","target":{"@type":"EntryPoint","urlTemplate":"https:\/\/www.thangmaythegioi.vn\/?s={search_term_string}"},"query-input":{"@type":"PropertyValueSpecification","valueRequired":true,"valueName":"search_term_string"}}],"inLanguage":"vi"}]}},"_links":{"self":[{"href":"https:\/\/www.thangmaythegioi.vn\/index.php\/wp-json\/wp\/v2\/pages\/215","targetHints":{"allow":["GET"]}}],"collection":[{"href":"https:\/\/www.thangmaythegioi.vn\/index.php\/wp-json\/wp\/v2\/pages"}],"about":[{"href":"https:\/\/www.thangmaythegioi.vn\/index.php\/wp-json\/wp\/v2\/types\/page"}],"author":[{"embeddable":true,"href":"https:\/\/www.thangmaythegioi.vn\/index.php\/wp-json\/wp\/v2\/users\/1"}],"replies":[{"embeddable":true,"href":"https:\/\/www.thangmaythegioi.vn\/index.php\/wp-json\/wp\/v2\/comments?post=215"}],"version-history":[{"count":20,"href":"https:\/\/www.thangmaythegioi.vn\/index.php\/wp-json\/wp\/v2\/pages\/215\/revisions"}],"predecessor-version":[{"id":1855,"href":"https:\/\/www.thangmaythegioi.vn\/index.php\/wp-json\/wp\/v2\/pages\/215\/revisions\/1855"}],"wp:attachment":[{"href":"https:\/\/www.thangmaythegioi.vn\/index.php\/wp-json\/wp\/v2\/media?parent=215"}],"curies":[{"name":"wp","href":"https:\/\/api.w.org\/{rel}","templated":true}]}}